{"id":1542,"date":"2022-12-06T16:11:48","date_gmt":"2022-12-06T16:11:48","guid":{"rendered":"https:\/\/jbeats4zos.com\/de\/?page_id=1542"},"modified":"2022-12-14T07:46:32","modified_gmt":"2022-12-14T07:46:32","slug":"jbeatsblog","status":"publish","type":"page","link":"https:\/\/jbeats4zos.com\/de\/jbeatsblog\/","title":{"rendered":"JBeatsBlog"},"content":{"rendered":"<p>[et_pb_section fb_built=&#8220;1&#8243; _builder_version=&#8220;4.19.2&#8243; _module_preset=&#8220;default&#8220; da_disable_devices=&#8220;off|off|off&#8220; global_colors_info=&#8220;{}&#8220; da_is_popup=&#8220;off&#8220; da_exit_intent=&#8220;off&#8220; da_has_close=&#8220;on&#8220; da_alt_close=&#8220;off&#8220; da_dark_close=&#8220;off&#8220; da_not_modal=&#8220;on&#8220; da_is_singular=&#8220;off&#8220; da_with_loader=&#8220;off&#8220; da_has_shadow=&#8220;on&#8220;][et_pb_row _builder_version=&#8220;4.19.2&#8243; _module_preset=&#8220;default&#8220; custom_padding=&#8220;20px||20px||false|false&#8220; border_color_all=&#8220;#002F52&#8243; global_colors_info=&#8220;{}&#8220;][et_pb_column type=&#8220;4_4&#8243; _builder_version=&#8220;4.19.2&#8243; _module_preset=&#8220;default&#8220; global_colors_info=&#8220;{}&#8220;][et_pb_text module_class=&#8220;page-main-header-blue blog-header &#8220; _builder_version=&#8220;4.19.2&#8243; _module_preset=&#8220;default&#8220; text_font=&#8220;UniNeueHeavy||||||||&#8220; text_text_color=&#8220;#002F52&#8243; header_text_color=&#8220;#002F52&#8243; header_2_text_color=&#8220;#002F52&#8243; header_3_text_color=&#8220;#002F52&#8243; hover_enabled=&#8220;0&#8243; text_font_size_tablet=&#8220;&#8220; text_font_size_phone=&#8220;&#8220; text_font_size_last_edited=&#8220;on|desktop&#8220; border_color_bottom=&#8220;#F59300&#8243; global_colors_info=&#8220;{}&#8220; header_text_color__hover_enabled=&#8220;on|desktop&#8220; header_font_size__hover_enabled=&#8220;on|hover&#8220; header_text_color__hover=&#8220;#FFFFFF&#8220; sticky_enabled=&#8220;0&#8243;]<\/p>\n<h1 style=\"text-align: left;\">jBeats Blog<\/h1>\n<p>[\/et_pb_text][\/et_pb_column][\/et_pb_row][\/et_pb_section][et_pb_section fb_built=&#8220;1&#8243; _builder_version=&#8220;4.19.2&#8243; _module_preset=&#8220;default&#8220; background_color=&#8220;rgba(12,113,195,0.2)&#8220; da_disable_devices=&#8220;off|off|off&#8220; global_colors_info=&#8220;{}&#8220; da_is_popup=&#8220;off&#8220; da_exit_intent=&#8220;off&#8220; da_has_close=&#8220;on&#8220; da_alt_close=&#8220;off&#8220; da_dark_close=&#8220;off&#8220; da_not_modal=&#8220;on&#8220; da_is_singular=&#8220;off&#8220; da_with_loader=&#8220;off&#8220; da_has_shadow=&#8220;on&#8220;][et_pb_row _builder_version=&#8220;4.19.2&#8243; _module_preset=&#8220;default&#8220; custom_padding=&#8220;0px|||||&#8220; global_colors_info=&#8220;{}&#8220;][et_pb_column type=&#8220;4_4&#8243; _builder_version=&#8220;4.19.2&#8243; _module_preset=&#8220;default&#8220; global_colors_info=&#8220;{}&#8220;][et_pb_text _builder_version=&#8220;4.19.2&#8243; _module_preset=&#8220;default&#8220; global_colors_info=&#8220;{}&#8220;]<\/p>\n<h3><strong>Willkommen zum jBeats Blog!<\/strong><\/h3>\n<p>Hier zeigen wir Ihnen, wie die Komponenten jBeats4zos und Elasticsearch zusammenarbeiten, welche Dashboards Ihnen beim Einsatz der Software &#8222;out of the box&#8220; zur Verf\u00fcgung stehen. Au\u00dferdem erhalten Sie wertvolle Tipps f\u00fcr den reibungslosen Einsatz unserer Tools in Ihrem Unternehmen und profitieren vom Know-How der Entwickler.<\/p>\n<p>Schauen Sie regelm\u00e4\u00dfig vorbei, damit Sie immer auf dem neuesten Stand sind!<\/p>\n<p>Folgen Sie uns auch auf <a href=\"https:\/\/www.linkedin.com\/company\/8232798\/\" target=\"_blank\" rel=\"noopener\" title=\"LinkedIn\">LinkedIn<\/a>.<\/p>\n<p>[\/et_pb_text][\/et_pb_column][\/et_pb_row][\/et_pb_section][et_pb_section fb_built=&#8220;1&#8243; _builder_version=&#8220;4.19.2&#8243; _module_preset=&#8220;default&#8220; background_color=&#8220;#EBEEEF&#8220; da_disable_devices=&#8220;off|off|off&#8220; global_colors_info=&#8220;{}&#8220; da_is_popup=&#8220;off&#8220; da_exit_intent=&#8220;off&#8220; da_has_close=&#8220;on&#8220; da_alt_close=&#8220;off&#8220; da_dark_close=&#8220;off&#8220; da_not_modal=&#8220;on&#8220; da_is_singular=&#8220;off&#8220; da_with_loader=&#8220;off&#8220; da_has_shadow=&#8220;on&#8220;][et_pb_row _builder_version=&#8220;4.19.2&#8243; _module_preset=&#8220;default&#8220; global_colors_info=&#8220;{}&#8220;][et_pb_column type=&#8220;4_4&#8243; _builder_version=&#8220;4.19.2&#8243; _module_preset=&#8220;default&#8220; global_colors_info=&#8220;{}&#8220;][et_pb_blog fullwidth=&#8220;off&#8220; include_categories=&#8220;16&#8243; meta_date=&#8220;j. M Y&#8220; excerpt_length=&#8220;180&#8243; show_more=&#8220;on&#8220; show_author=&#8220;off&#8220; _builder_version=&#8220;4.19.2&#8243; _module_preset=&#8220;default&#8220; meta_font=&#8220;UniNeueBook||||||||&#8220; meta_text_align=&#8220;left&#8220; meta_text_color=&#8220;#F59300&#8243; meta_font_size=&#8220;15px&#8220; meta_line_height=&#8220;3em&#8220; read_more_line_height=&#8220;3em&#8220; border_radii=&#8220;on|5px|5px|5px|5px&#8220; global_colors_info=&#8220;{}&#8220;][\/et_pb_blog][\/et_pb_column][\/et_pb_row][\/et_pb_section]<\/p>\n","protected":false},"excerpt":{"rendered":"<p>jBeats BlogWillkommen zum jBeats Blog! Hier zeigen wir Ihnen, wie die Komponenten jBeats4zos und Elasticsearch zusammenarbeiten, welche Dashboards Ihnen beim Einsatz der Software &#8222;out of the box&#8220; zur Verf\u00fcgung stehen. Au\u00dferdem erhalten Sie wertvolle Tipps f\u00fcr den reibungslosen Einsatz unserer Tools in Ihrem Unternehmen und profitieren vom Know-How der Entwickler. Schauen Sie regelm\u00e4\u00dfig vorbei, damit [&hellip;]<\/p>\n","protected":false},"author":1,"featured_media":0,"parent":0,"menu_order":0,"comment_status":"closed","ping_status":"closed","template":"","meta":{"_et_pb_use_builder":"on","_et_pb_old_content":"","_et_gb_content_width":"","footnotes":""},"class_list":["post-1542","page","type-page","status-publish","hentry"],"yoast_head":"<!-- This site is optimized with the Yoast SEO plugin v23.9 - https:\/\/yoast.com\/wordpress\/plugins\/seo\/ -->\n<title>JBeatsBlog - jBeats4zOS - Elasticsearch Erweiterung f\u00fcr z\/OS<\/title>\n<meta name=\"description\" content=\"Unser Blog zeigt das Zusammenspiel jBeats4zos und Elasticsearch und hier insbesondere die Visualisierung von Kennzahlen in Dashboards\" \/>\n<meta name=\"robots\" content=\"index, follow, max-snippet:-1, max-image-preview:large, max-video-preview:-1\" \/>\n<link rel=\"canonical\" href=\"https:\/\/jbeats4zos.com\/de\/jbeatsblog\/\" \/>\n<meta property=\"og:locale\" content=\"de_DE\" \/>\n<meta property=\"og:type\" content=\"article\" \/>\n<meta property=\"og:title\" content=\"JBeatsBlog - jBeats4zOS - Elasticsearch Erweiterung f\u00fcr z\/OS\" \/>\n<meta property=\"og:description\" content=\"Unser Blog zeigt das Zusammenspiel jBeats4zos und Elasticsearch und hier insbesondere die Visualisierung von Kennzahlen in Dashboards\" \/>\n<meta property=\"og:url\" content=\"https:\/\/jbeats4zos.com\/de\/jbeatsblog\/\" \/>\n<meta property=\"og:site_name\" content=\"jBeats4zOS - Elasticsearch Erweiterung f\u00fcr z\/OS\" \/>\n<meta property=\"article:modified_time\" content=\"2022-12-14T07:46:32+00:00\" \/>\n<meta property=\"og:image\" content=\"https:\/\/jbeats4zos.com\/de\/wp-content\/uploads\/sites\/17\/2022\/09\/cropped-favicon_white.png\" \/>\n\t<meta property=\"og:image:width\" content=\"512\" \/>\n\t<meta property=\"og:image:height\" content=\"512\" \/>\n\t<meta property=\"og:image:type\" content=\"image\/png\" \/>\n<meta name=\"twitter:card\" content=\"summary_large_image\" \/>\n<meta name=\"twitter:label1\" content=\"Gesch\u00e4tzte Lesezeit\" \/>\n\t<meta name=\"twitter:data1\" content=\"2\u00a0Minuten\" \/>\n<script type=\"application\/ld+json\" class=\"yoast-schema-graph\">{\"@context\":\"https:\/\/schema.org\",\"@graph\":[{\"@type\":\"WebPage\",\"@id\":\"https:\/\/jbeats4zos.com\/de\/jbeatsblog\/\",\"url\":\"https:\/\/jbeats4zos.com\/de\/jbeatsblog\/\",\"name\":\"JBeatsBlog - jBeats4zOS - Elasticsearch Erweiterung f\u00fcr z\/OS\",\"isPartOf\":{\"@id\":\"https:\/\/jbeats4zos.com\/de\/#website\"},\"datePublished\":\"2022-12-06T16:11:48+00:00\",\"dateModified\":\"2022-12-14T07:46:32+00:00\",\"description\":\"Unser Blog zeigt das Zusammenspiel jBeats4zos und Elasticsearch und hier insbesondere die Visualisierung von Kennzahlen in Dashboards\",\"breadcrumb\":{\"@id\":\"https:\/\/jbeats4zos.com\/de\/jbeatsblog\/#breadcrumb\"},\"inLanguage\":\"de\",\"potentialAction\":[{\"@type\":\"ReadAction\",\"target\":[\"https:\/\/jbeats4zos.com\/de\/jbeatsblog\/\"]}]},{\"@type\":\"BreadcrumbList\",\"@id\":\"https:\/\/jbeats4zos.com\/de\/jbeatsblog\/#breadcrumb\",\"itemListElement\":[{\"@type\":\"ListItem\",\"position\":1,\"name\":\"Startseite\",\"item\":\"https:\/\/jbeats4zos.com\/de\/\"},{\"@type\":\"ListItem\",\"position\":2,\"name\":\"JBeatsBlog\"}]},{\"@type\":\"WebSite\",\"@id\":\"https:\/\/jbeats4zos.com\/de\/#website\",\"url\":\"https:\/\/jbeats4zos.com\/de\/\",\"name\":\"jBeats4zOS - Elasticsearch Erweiterung f\u00fcr z\/OS\",\"description\":\"ElasticSearch-Erweiterung f\u00fcr z\/OS\",\"publisher\":{\"@id\":\"https:\/\/jbeats4zos.com\/de\/#organization\"},\"potentialAction\":[{\"@type\":\"SearchAction\",\"target\":{\"@type\":\"EntryPoint\",\"urlTemplate\":\"https:\/\/jbeats4zos.com\/de\/?s={search_term_string}\"},\"query-input\":{\"@type\":\"PropertyValueSpecification\",\"valueRequired\":true,\"valueName\":\"search_term_string\"}}],\"inLanguage\":\"de\"},{\"@type\":\"Organization\",\"@id\":\"https:\/\/jbeats4zos.com\/de\/#organization\",\"name\":\"jBeats4zos Elasticsearch-Erweiterung f\u00fcr z\/OS\",\"url\":\"https:\/\/jbeats4zos.com\/de\/\",\"logo\":{\"@type\":\"ImageObject\",\"inLanguage\":\"de\",\"@id\":\"https:\/\/jbeats4zos.com\/de\/#\/schema\/logo\/image\/\",\"url\":\"https:\/\/jbeats4zos.com\/de\/wp-content\/uploads\/sites\/17\/2022\/09\/cropped-favicon_white.png\",\"contentUrl\":\"https:\/\/jbeats4zos.com\/de\/wp-content\/uploads\/sites\/17\/2022\/09\/cropped-favicon_white.png\",\"width\":512,\"height\":512,\"caption\":\"jBeats4zos Elasticsearch-Erweiterung f\u00fcr z\/OS\"},\"image\":{\"@id\":\"https:\/\/jbeats4zos.com\/de\/#\/schema\/logo\/image\/\"},\"sameAs\":[\"https:\/\/www.linkedin.com\/company\/8232798\"]}]}<\/script>\n<!-- \/ Yoast SEO plugin. -->","yoast_head_json":{"title":"JBeatsBlog - jBeats4zOS - Elasticsearch Erweiterung f\u00fcr z\/OS","description":"Unser Blog zeigt das Zusammenspiel jBeats4zos und Elasticsearch und hier insbesondere die Visualisierung von Kennzahlen in Dashboards","robots":{"index":"index","follow":"follow","max-snippet":"max-snippet:-1","max-image-preview":"max-image-preview:large","max-video-preview":"max-video-preview:-1"},"canonical":"https:\/\/jbeats4zos.com\/de\/jbeatsblog\/","og_locale":"de_DE","og_type":"article","og_title":"JBeatsBlog - jBeats4zOS - Elasticsearch Erweiterung f\u00fcr z\/OS","og_description":"Unser Blog zeigt das Zusammenspiel jBeats4zos und Elasticsearch und hier insbesondere die Visualisierung von Kennzahlen in Dashboards","og_url":"https:\/\/jbeats4zos.com\/de\/jbeatsblog\/","og_site_name":"jBeats4zOS - Elasticsearch Erweiterung f\u00fcr z\/OS","article_modified_time":"2022-12-14T07:46:32+00:00","og_image":[{"width":512,"height":512,"url":"https:\/\/jbeats4zos.com\/de\/wp-content\/uploads\/sites\/17\/2022\/09\/cropped-favicon_white.png","type":"image\/png"}],"twitter_card":"summary_large_image","twitter_misc":{"Gesch\u00e4tzte Lesezeit":"2\u00a0Minuten"},"schema":{"@context":"https:\/\/schema.org","@graph":[{"@type":"WebPage","@id":"https:\/\/jbeats4zos.com\/de\/jbeatsblog\/","url":"https:\/\/jbeats4zos.com\/de\/jbeatsblog\/","name":"JBeatsBlog - jBeats4zOS - Elasticsearch Erweiterung f\u00fcr z\/OS","isPartOf":{"@id":"https:\/\/jbeats4zos.com\/de\/#website"},"datePublished":"2022-12-06T16:11:48+00:00","dateModified":"2022-12-14T07:46:32+00:00","description":"Unser Blog zeigt das Zusammenspiel jBeats4zos und Elasticsearch und hier insbesondere die Visualisierung von Kennzahlen in Dashboards","breadcrumb":{"@id":"https:\/\/jbeats4zos.com\/de\/jbeatsblog\/#breadcrumb"},"inLanguage":"de","potentialAction":[{"@type":"ReadAction","target":["https:\/\/jbeats4zos.com\/de\/jbeatsblog\/"]}]},{"@type":"BreadcrumbList","@id":"https:\/\/jbeats4zos.com\/de\/jbeatsblog\/#breadcrumb","itemListElement":[{"@type":"ListItem","position":1,"name":"Startseite","item":"https:\/\/jbeats4zos.com\/de\/"},{"@type":"ListItem","position":2,"name":"JBeatsBlog"}]},{"@type":"WebSite","@id":"https:\/\/jbeats4zos.com\/de\/#website","url":"https:\/\/jbeats4zos.com\/de\/","name":"jBeats4zOS - Elasticsearch Erweiterung f\u00fcr z\/OS","description":"ElasticSearch-Erweiterung f\u00fcr z\/OS","publisher":{"@id":"https:\/\/jbeats4zos.com\/de\/#organization"},"potentialAction":[{"@type":"SearchAction","target":{"@type":"EntryPoint","urlTemplate":"https:\/\/jbeats4zos.com\/de\/?s={search_term_string}"},"query-input":{"@type":"PropertyValueSpecification","valueRequired":true,"valueName":"search_term_string"}}],"inLanguage":"de"},{"@type":"Organization","@id":"https:\/\/jbeats4zos.com\/de\/#organization","name":"jBeats4zos Elasticsearch-Erweiterung f\u00fcr z\/OS","url":"https:\/\/jbeats4zos.com\/de\/","logo":{"@type":"ImageObject","inLanguage":"de","@id":"https:\/\/jbeats4zos.com\/de\/#\/schema\/logo\/image\/","url":"https:\/\/jbeats4zos.com\/de\/wp-content\/uploads\/sites\/17\/2022\/09\/cropped-favicon_white.png","contentUrl":"https:\/\/jbeats4zos.com\/de\/wp-content\/uploads\/sites\/17\/2022\/09\/cropped-favicon_white.png","width":512,"height":512,"caption":"jBeats4zos Elasticsearch-Erweiterung f\u00fcr z\/OS"},"image":{"@id":"https:\/\/jbeats4zos.com\/de\/#\/schema\/logo\/image\/"},"sameAs":["https:\/\/www.linkedin.com\/company\/8232798"]}]}},"_links":{"self":[{"href":"https:\/\/jbeats4zos.com\/de\/wp-json\/wp\/v2\/pages\/1542","targetHints":{"allow":["GET"]}}],"collection":[{"href":"https:\/\/jbeats4zos.com\/de\/wp-json\/wp\/v2\/pages"}],"about":[{"href":"https:\/\/jbeats4zos.com\/de\/wp-json\/wp\/v2\/types\/page"}],"author":[{"embeddable":true,"href":"https:\/\/jbeats4zos.com\/de\/wp-json\/wp\/v2\/users\/1"}],"replies":[{"embeddable":true,"href":"https:\/\/jbeats4zos.com\/de\/wp-json\/wp\/v2\/comments?post=1542"}],"version-history":[{"count":40,"href":"https:\/\/jbeats4zos.com\/de\/wp-json\/wp\/v2\/pages\/1542\/revisions"}],"predecessor-version":[{"id":1766,"href":"https:\/\/jbeats4zos.com\/de\/wp-json\/wp\/v2\/pages\/1542\/revisions\/1766"}],"wp:attachment":[{"href":"https:\/\/jbeats4zos.com\/de\/wp-json\/wp\/v2\/media?parent=1542"}],"curies":[{"name":"wp","href":"https:\/\/api.w.org\/{rel}","templated":true}]}}